{"id":703,"date":"2011-05-20T18:51:43","date_gmt":"2011-05-21T01:51:43","guid":{"rendered":"https:\/\/wpthemetestdata.wordpress.com\/?page_id=703"},"modified":"2023-05-09T17:08:55","modified_gmt":"2023-05-09T21:08:55","slug":"blog","status":"publish","type":"page","link":"https:\/\/www.mmaaldia.com\/es\/blog\/","title":{"rendered":"Blog"},"content":{"rendered":"<p><span style=\"vertical-align: inherit;\"><span style=\"vertical-align: inherit;\">Use esta p\u00e1gina est\u00e1tica para probar el manejo del tema de la p\u00e1gina de \u00edndice de publicaciones de blog. <\/span><span style=\"vertical-align: inherit;\">Si el sitio est\u00e1 configurado para mostrar una p\u00e1gina est\u00e1tica en la p\u00e1gina principal y esta p\u00e1gina est\u00e1 configurada para mostrar el \u00edndice de publicaciones del blog, este texto no deber\u00eda aparecer.<\/span><\/span><\/p>","protected":false},"excerpt":{"rendered":"<p>Use esta p\u00e1gina est\u00e1tica para probar el manejo del tema de la p\u00e1gina de \u00edndice de publicaciones de blog. Si el sitio est\u00e1 configurado para mostrar una p\u00e1gina est\u00e1tica en la p\u00e1gina principal y esta p\u00e1gina est\u00e1 configurada para mostrar el \u00edndice de publicaciones del blog, este texto no deber\u00eda aparecer.<\/p>","protected":false},"author":2,"featured_media":0,"parent":0,"menu_order":0,"comment_status":"closed","ping_status":"closed","template":"","meta":{"footnotes":""},"class_list":["post-703","page","type-page","status-publish","hentry"],"jetpack_sharing_enabled":true,"_links":{"self":[{"href":"https:\/\/www.mmaaldia.com\/es\/wp-json\/wp\/v2\/pages\/703","targetHints":{"allow":["GET"]}}],"collection":[{"href":"https:\/\/www.mmaaldia.com\/es\/wp-json\/wp\/v2\/pages"}],"about":[{"href":"https:\/\/www.mmaaldia.com\/es\/wp-json\/wp\/v2\/types\/page"}],"author":[{"embeddable":true,"href":"https:\/\/www.mmaaldia.com\/es\/wp-json\/wp\/v2\/users\/2"}],"replies":[{"embeddable":true,"href":"https:\/\/www.mmaaldia.com\/es\/wp-json\/wp\/v2\/comments?post=703"}],"version-history":[{"count":0,"href":"https:\/\/www.mmaaldia.com\/es\/wp-json\/wp\/v2\/pages\/703\/revisions"}],"wp:attachment":[{"href":"https:\/\/www.mmaaldia.com\/es\/wp-json\/wp\/v2\/media?parent=703"}],"curies":[{"name":"wp","href":"https:\/\/api.w.org\/{rel}","templated":true}]}}