{"id":6347,"date":"2023-03-28T18:25:40","date_gmt":"2023-03-28T22:25:40","guid":{"rendered":"https:\/\/www.mmaaldia.com\/?page_id=6347"},"modified":"2023-03-28T18:25:40","modified_gmt":"2023-03-28T22:25:40","slug":"politica-de-comentarios","status":"publish","type":"page","link":"https:\/\/www.mmaaldia.com\/es\/politica-de-comentarios\/","title":{"rendered":"Pol\u00edtica de comentarios"},"content":{"rendered":"<h1><strong>Pol\u00edtica de comentarios<\/strong><\/h1>\n<p><b>MMA AL DIA <\/b><span style=\"font-weight: 400;\">pone a disposici\u00f3n de los usuarios la posibilidad de intercambiar opiniones y publicar comentarios al contenido expuesto en el sitio web de <\/span><a href=\"http:\/\/www.mmaaldia.com\/es\/\"><b>www.mmaaldia.com<\/b><\/a> <span style=\"font-weight: 400;\">(en adelante, el \u201cSitio web\u201d).<\/span><\/p>\n<p><span style=\"font-weight: 400;\">La presente pol\u00edtica comprende las <\/span><b>condiciones y t\u00e9rminos<\/b><span style=\"font-weight: 400;\"> que regulan la publicaci\u00f3n de comentarios en el Sitio Web y a la cual los usuarios quedan obligados en el uso del mismo.<\/span><\/p>\n<h3><b>IDENTIFICACI\u00d3N DE USUARIO<\/b><\/h3>\n<p><span style=\"font-weight: 400;\">Cualquier usuario con una cuenta activa en Facebook podr\u00e1 identificarse y realizar comentarios p\u00fablicos en el Sitio Web.<\/span><\/p>\n<p><span style=\"font-weight: 400;\">No ser\u00e1 posible realizar comentarios o publicaciones de forma an\u00f3nima en el Sitio Web, de tal modo, el usuario debe estar identificado de conformidad con los datos facilitados en su registro en Facebook.<\/span><\/p>\n<p><span style=\"font-weight: 400;\">As\u00ed, el usuario ser\u00e1 el \u00fanico responsable del contenido expuesto y referencias realizadas en sus comentarios publicados.<\/span><\/p>\n<h3><b>2- CONTENIDO DE LOS COMENTARIOS<\/b><\/h3>\n<p><span style=\"font-weight: 400;\">Sin perjuicio de que <\/span><b>MMA AL DIA<\/b><span style=\"font-weight: 400;\"> se reserve el derecho a supervisar o moderar las interacciones de sus usuarios en el Sitio Web, los usuarios deber\u00e1n cumplir las siguientes condiciones aqu\u00ed previstas para publicar.<\/span><\/p>\n<p><span style=\"font-weight: 400;\">En caso de incumplimiento de los aspectos recogidos en la presente Pol\u00edtica, <\/span><b>MMA AL D\u00cdA <\/b><span style=\"font-weight: 400;\">podr\u00e1 retirar y eliminar el comentario del usuario considerado inapropiado, sin que ello otorgue al usuario derecho alguno de indemnizaci\u00f3n.<\/span><\/p>\n<p><span style=\"font-weight: 400;\">Los comentarios y publicaciones deber\u00e1n realizarse en un lenguaje claro y respetuoso con el Sitio Web y con el resto de los usuarios. En todo caso, los usuarios se comprometen a realizar comentarios relacionados con la publicaci\u00f3n concreta, en forma de aportaciones relevantes y con fundamentaci\u00f3n.<\/span><\/p>\n<p><b>MMA AL DIA<\/b><span style=\"font-weight: 400;\"> informa a sus usuarios de aquellos aspectos que en ning\u00fan caso podr\u00e1n los comentarios realizados. De esta forma, se entender\u00e1n comentarios no permitidos aquellos que:<\/span><\/p>\n<ul>\n<li style=\"font-weight: 400;\" aria-level=\"1\"><span style=\"font-weight: 400;\">Incluyan publicidad de productos o servicios de terceros distintos a <\/span><b>MMA AL DIA<\/b><\/li>\n<li style=\"font-weight: 400;\" aria-level=\"1\"><span style=\"font-weight: 400;\">Incluyan comentarios obscenos, ofensivos o degradantes para terceros, de \u00edndole religiosa, sexual, pol\u00edtica, racial u otra que pueda afectar a la dignidad y derechos de los usuarios.<\/span><\/li>\n<li style=\"font-weight: 400;\" aria-level=\"1\"><span style=\"font-weight: 400;\">Promuevan descalificaciones, insultos, inciten al delito mediante acusaciones, calumnias o injurias o resulten atentatorios para el derecho al honor y a la propia imagen.<\/span><\/li>\n<li style=\"font-weight: 400;\" aria-level=\"1\"><span style=\"font-weight: 400;\">Contengan spam o informaci\u00f3n protegida de otros sitios webs cuyo autor principal no haya consentido su difusi\u00f3n.<\/span><\/li>\n<li style=\"font-weight: 400;\" aria-level=\"1\"><span style=\"font-weight: 400;\">Im\u00e1genes, videos o contenido que vulnere la normativa vigente.<\/span><\/li>\n<li style=\"font-weight: 400;\" aria-level=\"1\"><span style=\"font-weight: 400;\">Contengan enlaces o URL err\u00f3neas o que puedan generar da\u00f1os inform\u00e1ticos a la plataforma del Sitio Web.<\/span><\/li>\n<li style=\"font-weight: 400;\" aria-level=\"1\"><span style=\"font-weight: 400;\">Ofrezcan informaci\u00f3n o datos de car\u00e1cter personal de terceros usuarios sin haber obtenido previamente su consentimiento para ello.<\/span><\/li>\n<li style=\"font-weight: 400;\" aria-level=\"1\"><span style=\"font-weight: 400;\">Por motivos del contenido, lenguaje, forma de expresi\u00f3n u otra caracter\u00edstica de la publicaci\u00f3n, puedan ser considerados inapropiados u ofensivos.<\/span><\/li>\n<\/ul>\n<h3><b>RETIRADA DE COMENTARIOS Y BLOQUEO DE USUARIO<\/b><\/h3>\n<p><span style=\"font-weight: 400;\">Seg\u00fan lo previsto en el punto 2 de la presente Pol\u00edtica, <\/span><b>MMA AL DIA<\/b><span style=\"font-weight: 400;\"> podr\u00e1 proceder a la retirada inmediata y supresi\u00f3n de aquellos comentarios que infrinjan alguno de los aspectos aqu\u00ed mencionados.<\/span><\/p>\n<p><span style=\"font-weight: 400;\">Asimismo, en aquellos casos en los que se detecte un uso indebido reiterado de la plataforma por parte del usuario, <\/span><b>MMA AL D\u00cdA<\/b><span style=\"font-weight: 400;\"> podr\u00e1 bloquear la cuenta de Facebook de dicho usuario para que no pueda publicar m\u00e1s comentarios en la web.<\/span><\/p>\n<h3><b>RESPONSABILIDAD DEL USUARIO<\/b><\/h3>\n<p><span style=\"font-weight: 400;\">El usuario se compromete a respetar el contenido \u00edntegro de esta Pol\u00edtica y a realizar un uso adecuado del Sitio Web y publicar, de conformidad con las condiciones detalladas, comentarios aptos y respetuosos con terceros y el propio Sitio Web.<\/span><\/p>\n<p><span style=\"font-weight: 400;\">En cualquier caso, el usuario ser\u00e1 considerado el \u00fanico responsable por el contenido y referencias realizadas en su publicaci\u00f3n, quedando <\/span><b>MMA AL DIA<\/b><span style=\"font-weight: 400;\"> exonerada de cualquier responsabilidad al respecto.<\/span><\/p>","protected":false},"excerpt":{"rendered":"<p>Pol\u00edtica de comentarios MMA AL DIA pone a disposici\u00f3n de los usuarios la posibilidad de intercambiar opiniones y publicar comentarios al contenido expuesto en el sitio web de www.mmaaldia.com (en adelante, el \u201cSitio web\u201d). La presente pol\u00edtica comprende las condiciones y t\u00e9rminos que regulan la publicaci\u00f3n de comentarios en el Sitio Web y a la [&hellip;]<\/p>\n","protected":false},"author":1,"featured_media":0,"parent":0,"menu_order":0,"comment_status":"closed","ping_status":"closed","template":"","meta":{"footnotes":""},"class_list":["post-6347","page","type-page","status-publish","hentry"],"jetpack_sharing_enabled":true,"_links":{"self":[{"href":"https:\/\/www.mmaaldia.com\/es\/wp-json\/wp\/v2\/pages\/6347","targetHints":{"allow":["GET"]}}],"collection":[{"href":"https:\/\/www.mmaaldia.com\/es\/wp-json\/wp\/v2\/pages"}],"about":[{"href":"https:\/\/www.mmaaldia.com\/es\/wp-json\/wp\/v2\/types\/page"}],"author":[{"embeddable":true,"href":"https:\/\/www.mmaaldia.com\/es\/wp-json\/wp\/v2\/users\/1"}],"replies":[{"embeddable":true,"href":"https:\/\/www.mmaaldia.com\/es\/wp-json\/wp\/v2\/comments?post=6347"}],"version-history":[{"count":0,"href":"https:\/\/www.mmaaldia.com\/es\/wp-json\/wp\/v2\/pages\/6347\/revisions"}],"wp:attachment":[{"href":"https:\/\/www.mmaaldia.com\/es\/wp-json\/wp\/v2\/media?parent=6347"}],"curies":[{"name":"wp","href":"https:\/\/api.w.org\/{rel}","templated":true}]}}