{"id":4646,"date":"2023-02-17T16:01:57","date_gmt":"2023-02-17T16:01:57","guid":{"rendered":"https:\/\/www.mmaaldia.com\/?page_id=4646"},"modified":"2024-08-07T17:16:38","modified_gmt":"2024-08-07T22:16:38","slug":"nosotros","status":"publish","type":"page","link":"https:\/\/www.mmaaldia.com\/es\/nosotros\/","title":{"rendered":"Nuestra historia"},"content":{"rendered":"<p><img data-recalc-dims=\"1\" fetchpriority=\"high\" decoding=\"async\" class=\"alignright wp-image-9150\" src=\"https:\/\/i0.wp.com\/www.mmaaldia.com\/wp-content\/uploads\/2023\/05\/Sensei-Ricardo-V-1.png?resize=668%2C560&#038;ssl=1\" alt=\"Artes Marciales Mixtas\" width=\"668\" height=\"560\" title=\"\" srcset=\"https:\/\/i0.wp.com\/www.mmaaldia.com\/wp-content\/uploads\/2023\/05\/Sensei-Ricardo-V-1.png?w=940&amp;ssl=1 940w, https:\/\/i0.wp.com\/www.mmaaldia.com\/wp-content\/uploads\/2023\/05\/Sensei-Ricardo-V-1.png?resize=300%2C251&amp;ssl=1 300w, https:\/\/i0.wp.com\/www.mmaaldia.com\/wp-content\/uploads\/2023\/05\/Sensei-Ricardo-V-1.png?resize=768%2C644&amp;ssl=1 768w, https:\/\/i0.wp.com\/www.mmaaldia.com\/wp-content\/uploads\/2023\/05\/Sensei-Ricardo-V-1.png?resize=150%2C126&amp;ssl=1 150w\" sizes=\"(max-width: 668px) 100vw, 668px\" \/><span style=\"font-weight: 400;\">Bienvenidos a <a href=\"https:\/\/www.mmaaldia.com\/es\/\"><strong>MMA al D\u00eda<\/strong><\/a>, un portal de noticias en espa\u00f1ol dedicado al apasionante mundo de las <strong>Artes Marciales Mixtas, boxeo y deportes de contacto<\/strong>. Este sitio web fue creado en enero de 2023 en memoria del <strong>Maestro Ricardo V\u00e1squez<\/strong> (QEPD), quien en vida se destac\u00f3 por su participaci\u00f3n activa en el mundo de las artes marciales y en el periodismo. <strong>Fue el \u00fanico fundador de MMA.uno.<\/strong> <\/span><\/p>\n<p><span style=\"font-weight: 400;\">El Maestro V\u00e1squez se caracteriz\u00f3 por su esp\u00edritu inquebrantable y solidario para con todos los que le rodeaban, dejando una profunda huella y grandes ense\u00f1anzas en la vida de todos los que tuvimos el privilegio de compartir con \u00e9l como familia, amigos o colaboradores.<\/span><\/p>\n<p><span style=\"font-weight: 400;\">En <strong>MMA al D\u00eda<\/strong>, nuestro objetivo es brindar a los lectores noticias actualizadas, an\u00e1lisis y cobertura de los eventos m\u00e1s importantes de las Artes Marciales Mixtas. Nos esforzamos por ser una fuente confiable y respetada en la comunidad de las MMA y estamos comprometidos a seguir el legado de nuestro Maestro Ricardo V\u00e1squez al difundir y promover las artes marciales a nivel mundial. <\/span><\/p>\n<p><span style=\"font-weight: 400;\">\u00a1Gracias por visitarnos y esperamos que disfruten de nuestro contenido!<\/span><\/p>","protected":false},"excerpt":{"rendered":"<p>Bienvenidos a MMA al D\u00eda, un portal de noticias en espa\u00f1ol dedicado al apasionante mundo de las Artes Marciales Mixtas, boxeo y deportes de contacto. Este sitio web fue creado en enero de 2023 en memoria del Maestro Ricardo V\u00e1squez (QEPD), quien en vida se destac\u00f3 por su participaci\u00f3n activa en el mundo de las [&hellip;]<\/p>\n","protected":false},"author":1,"featured_media":0,"parent":0,"menu_order":0,"comment_status":"closed","ping_status":"closed","template":"","meta":{"footnotes":""},"class_list":["post-4646","page","type-page","status-publish","hentry"],"jetpack_sharing_enabled":true,"_links":{"self":[{"href":"https:\/\/www.mmaaldia.com\/es\/wp-json\/wp\/v2\/pages\/4646","targetHints":{"allow":["GET"]}}],"collection":[{"href":"https:\/\/www.mmaaldia.com\/es\/wp-json\/wp\/v2\/pages"}],"about":[{"href":"https:\/\/www.mmaaldia.com\/es\/wp-json\/wp\/v2\/types\/page"}],"author":[{"embeddable":true,"href":"https:\/\/www.mmaaldia.com\/es\/wp-json\/wp\/v2\/users\/1"}],"replies":[{"embeddable":true,"href":"https:\/\/www.mmaaldia.com\/es\/wp-json\/wp\/v2\/comments?post=4646"}],"version-history":[{"count":0,"href":"https:\/\/www.mmaaldia.com\/es\/wp-json\/wp\/v2\/pages\/4646\/revisions"}],"wp:attachment":[{"href":"https:\/\/www.mmaaldia.com\/es\/wp-json\/wp\/v2\/media?parent=4646"}],"curies":[{"name":"wp","href":"https:\/\/api.w.org\/{rel}","templated":true}]}}