{"id":4644,"date":"2023-02-17T16:00:57","date_gmt":"2023-02-17T16:00:57","guid":{"rendered":"https:\/\/www.mmaaldia.com\/?page_id=4644"},"modified":"2024-03-27T00:45:13","modified_gmt":"2024-03-27T05:45:13","slug":"terminos-y-condiciones","status":"publish","type":"page","link":"https:\/\/www.mmaaldia.com\/es\/terminos-y-condiciones\/","title":{"rendered":"T\u00e9rminos y Condiciones"},"content":{"rendered":"<h1>T\u00e9rminos y Condiciones<\/h1>\n<p>Lea estos t\u00e9rminos y condiciones detenidamente antes de utilizar Nuestro Servicio.<\/p>\n<h1>Interpretaci\u00f3n y Definiciones<\/h1>\n<h2>Interpretaci\u00f3n<\/h2>\n<p>Las palabras cuya letra inicial est\u00e1 en may\u00fascula tienen significados definidos bajo las siguientes condiciones.\u00a0Las siguientes definiciones tendr\u00e1n el mismo significado independientemente de que aparezcan en singular o en plural.<\/p>\n<h2>Definiciones<\/h2>\n<p>A los efectos de estos T\u00e9rminos y Condiciones:<\/p>\n<ul>\n<li><strong>Afiliado<\/strong>\u00a0significa una entidad que controla, es controlada o est\u00e1 bajo control com\u00fan con una parte, donde &#8220;control&#8221; significa la propiedad del 50% o m\u00e1s de las acciones, participaci\u00f3n accionaria u otros valores con derecho a voto para la elecci\u00f3n de directores u otra autoridad administrativa. .<\/li>\n<li><strong>Pa\u00eds<\/strong>\u00a0se refiere a: Nueva York, Estados Unidos<\/li>\n<li><strong>La Compa\u00f1\u00eda<\/strong>\u00a0(referida como &#8220;la Compa\u00f1\u00eda&#8221;, &#8220;Nosotros&#8221;, &#8220;Nos&#8221; o &#8220;Nuestro&#8221; en este Acuerdo) se refiere a MMA AL D\u00cdA, 501 N 4th ST Lindenhurst, NY 11757.<\/li>\n<li><strong>Dispositivo<\/strong>\u00a0significa cualquier dispositivo que pueda acceder al Servicio, como una computadora, un tel\u00e9fono celular o una tableta digital.<\/li>\n<li><strong>Servicio<\/strong>\u00a0se refiere al sitio web.<\/li>\n<li><strong>Los T\u00e9rminos y condiciones<\/strong> (tambi\u00e9n denominados &#8220;T\u00e9rminos&#8221;) significan estos T\u00e9rminos y condiciones que forman el acuerdo completo entre Usted y la Compa\u00f1\u00eda con respecto al uso del Servicio.<\/li>\n<li><strong>Servicio de redes sociales de terceros<\/strong>\u00a0significa cualquier servicio o contenido (incluidos datos, informaci\u00f3n, productos o servicios) proporcionado por un tercero que puede mostrarse, incluirse o ponerse a disposici\u00f3n mediante el Servicio.<\/li>\n<li><strong>El sitio web<\/strong>\u00a0hace referencia a MMA AL D\u00cdA, accesible desde\u00a0<a href=\"https:\/\/www.mmaaldia.com\/es\/\" target=\"_blank\" rel=\"external nofollow noopener\">https:\/\/www.mmaaldia.com\/<\/a><\/li>\n<li><strong>Usted<\/strong>\u00a0se refiere a la persona que accede o utiliza el Servicio, o la empresa u otra entidad legal en nombre de la cual dicha persona accede o utiliza el Servicio, seg\u00fan corresponda.<\/li>\n<\/ul>\n<h1>Reconocimiento<\/h1>\n<p>Estos son los T\u00e9rminos y Condiciones que rigen el uso de este Servicio y el acuerdo que opera entre Usted y la Compa\u00f1\u00eda.\u00a0Estos T\u00e9rminos y Condiciones establecen los derechos y obligaciones de todos los usuarios con respecto al uso del Servicio.<\/p>\n<p>Su acceso y uso del Servicio est\u00e1 condicionado a Su aceptaci\u00f3n y cumplimiento de estos T\u00e9rminos y condiciones.\u00a0Estos T\u00e9rminos y condiciones se aplican a todos los visitantes, usuarios y otras personas que acceden o utilizan el Servicio.<\/p>\n<p>Al acceder o utilizar el Servicio, usted acepta estar sujeto a estos T\u00e9rminos y condiciones.\u00a0Si no est\u00e1 de acuerdo con alguna parte de estos T\u00e9rminos y condiciones, no podr\u00e1 acceder al Servicio.<\/p>\n<p>Usted declara que es mayor de 18 a\u00f1os. La Compa\u00f1\u00eda no permite que los menores de 18 a\u00f1os usen el Servicio.<\/p>\n<p>Su acceso y uso del Servicio tambi\u00e9n est\u00e1 condicionado a Su aceptaci\u00f3n y cumplimiento de la Pol\u00edtica de Privacidad de la Compa\u00f1\u00eda.\u00a0Nuestra Pol\u00edtica de privacidad describe Nuestras pol\u00edticas y procedimientos sobre la recopilaci\u00f3n, el uso y la divulgaci\u00f3n de Su informaci\u00f3n personal cuando utiliza la Aplicaci\u00f3n o el Sitio web y le informa sobre Sus derechos de privacidad y c\u00f3mo la ley lo protege.\u00a0Lea atentamente Nuestra Pol\u00edtica de Privacidad antes de utilizar Nuestro Servicio.<\/p>\n<h1>Enlaces a otros sitios web<\/h1>\n<p>Nuestro Servicio puede contener enlaces a sitios web o servicios de terceros que no son propiedad ni est\u00e1n controlados por la Compa\u00f1\u00eda.<\/p>\n<p>La Compa\u00f1\u00eda no tiene control ni asume ninguna responsabilidad por el contenido, las pol\u00edticas de privacidad o las pr\u00e1cticas de los sitios web o servicios de terceros.\u00a0Adem\u00e1s, reconoce y acepta que la Compa\u00f1\u00eda no ser\u00e1 responsable, directa o indirectamente, de ning\u00fan da\u00f1o o p\u00e9rdida causados \u200b\u200bo presuntamente causados \u200b\u200bpor o en relaci\u00f3n con el uso o la confianza en dicho contenido, bienes o servicios disponibles en o a trav\u00e9s de dichos sitios web o servicios.<\/p>\n<p>Le recomendamos encarecidamente que lea los t\u00e9rminos y condiciones y las pol\u00edticas de privacidad de cualquier sitio web o servicio de terceros que visite.<\/p>\n<h1>Terminaci\u00f3n<\/h1>\n<p>Podemos rescindir o suspender Su acceso de inmediato, sin previo aviso ni responsabilidad, por cualquier motivo, incluido, entre otros, si incumple estos T\u00e9rminos y condiciones.<\/p>\n<p>Tras la rescisi\u00f3n, su derecho a utilizar el Servicio cesar\u00e1 inmediatamente.<\/p>\n<h1>Limitaci\u00f3n de responsabilidad<\/h1>\n<p>Sin perjuicio de los da\u00f1os en los que pueda incurrir, la responsabilidad total de la Compa\u00f1\u00eda y cualquiera de sus proveedores en virtud de cualquier disposici\u00f3n de estos T\u00e9rminos y Su recurso exclusivo por todo lo anterior se limitar\u00e1 al monto que realmente pag\u00f3 a trav\u00e9s del Servicio o 100 USD. si no ha comprado nada a trav\u00e9s del Servicio.<\/p>\n<p>En la medida m\u00e1xima permitida por la ley aplicable, en ning\u00fan caso la Compa\u00f1\u00eda o sus proveedores ser\u00e1n responsables de da\u00f1os especiales, incidentales, indirectos o consecuentes de ning\u00fan tipo (incluidos, entre otros, da\u00f1os por lucro cesante, p\u00e9rdida de datos o otra informaci\u00f3n, por interrupci\u00f3n del negocio, por lesiones personales, p\u00e9rdida de privacidad que surja o est\u00e9 relacionada de alguna manera con el uso o la incapacidad de usar el Servicio, software de terceros y\/o hardware de terceros utilizado con el Servicio, o de lo contrario en relaci\u00f3n con cualquier disposici\u00f3n de estos T\u00e9rminos), incluso si la Compa\u00f1\u00eda o cualquier proveedor ha sido advertido de la posibilidad de tales da\u00f1os e incluso si el remedio no cumple con su prop\u00f3sito esencial.<\/p>\n<p>Algunos estados no permiten la exclusi\u00f3n de garant\u00edas impl\u00edcitas o la limitaci\u00f3n de responsabilidad por da\u00f1os incidentales o consecuentes, lo que significa que algunas de las limitaciones anteriores pueden no aplicarse.\u00a0En estos estados, la responsabilidad de cada parte se limitar\u00e1 en la mayor medida permitida por la ley.<\/p>\n<h1>Descargo de responsabilidad &#8220;TAL CUAL&#8221; y &#8220;SEG\u00daN DISPONIBILIDAD&#8221;<\/h1>\n<p>El Servicio se le proporciona &#8220;TAL CUAL&#8221; y &#8220;SEG\u00daN DISPONIBILIDAD&#8221; y con todas las fallas y defectos sin garant\u00eda de ning\u00fan tipo.\u00a0En la medida m\u00e1xima permitida por la ley aplicable, la Compa\u00f1\u00eda, en su propio nombre y en nombre de sus Afiliados y sus respectivos otorgantes de licencias y proveedores de servicios, renuncia expresamente a todas las garant\u00edas, ya sean expresas, impl\u00edcitas, estatutarias o de otro tipo, con respecto a la Servicio, incluidas todas las garant\u00edas impl\u00edcitas de comerciabilidad, idoneidad para un prop\u00f3sito particular, t\u00edtulo y no infracci\u00f3n, y garant\u00edas que puedan surgir del curso de la negociaci\u00f3n, el curso del desempe\u00f1o, el uso o la pr\u00e1ctica comercial.\u00a0Sin limitaci\u00f3n a lo anterior, la Compa\u00f1\u00eda no ofrece ninguna garant\u00eda o compromiso, y no hace ninguna representaci\u00f3n de ning\u00fan tipo de que el Servicio cumplir\u00e1 con Sus requisitos, lograr\u00e1 los resultados previstos,<\/p>\n<p>Sin limitar lo anterior, ni la Compa\u00f1\u00eda ni ninguno de los proveedores de la compa\u00f1\u00eda hace ninguna representaci\u00f3n o garant\u00eda de ning\u00fan tipo, expresa o impl\u00edcita: (i) en cuanto a la operaci\u00f3n o disponibilidad del Servicio, o la informaci\u00f3n, contenido y materiales o productos incluido en el mismo;\u00a0(ii) que el Servicio ser\u00e1 ininterrumpido o libre de errores;\u00a0(iii) en cuanto a la precisi\u00f3n, confiabilidad o actualidad de cualquier informaci\u00f3n o contenido proporcionado a trav\u00e9s del Servicio;\u00a0o (iv) que el Servicio, sus servidores, el contenido o los correos electr\u00f3nicos enviados desde o en nombre de la Compa\u00f1\u00eda est\u00e1n libres de virus, secuencias de comandos, troyanos, gusanos, malware, bombas de tiempo u otros componentes da\u00f1inos.<\/p>\n<p>Algunas jurisdicciones no permiten la exclusi\u00f3n de ciertos tipos de garant\u00edas o limitaciones de los derechos legales aplicables de un consumidor, por lo que es posible que algunas o todas las exclusiones y limitaciones anteriores no se apliquen a usted.\u00a0Pero en tal caso, las exclusiones y limitaciones establecidas en esta secci\u00f3n se aplicar\u00e1n en la mayor medida exigible seg\u00fan la ley aplicable.<\/p>\n<h1>Ley que rige<\/h1>\n<p>Las leyes del Pa\u00eds, excluyendo sus conflictos de leyes, regir\u00e1n estos T\u00e9rminos y Su uso del Servicio.\u00a0Su uso de la Aplicaci\u00f3n tambi\u00e9n puede estar sujeto a otras leyes locales, estatales, nacionales o internacionales.<\/p>\n<h1>Resoluci\u00f3n de disputas<\/h1>\n<p>Si tiene alguna inquietud o disputa sobre el Servicio, acepta intentar primero resolver la disputa de manera informal comunic\u00e1ndose con la Compa\u00f1\u00eda.<\/p>\n<h1>Para usuarios de la Uni\u00f3n Europea (UE)<\/h1>\n<p>Si es un consumidor de la Uni\u00f3n Europea, se beneficiar\u00e1 de las disposiciones obligatorias de la ley del pa\u00eds en el que reside.<\/p>\n<h1>Cumplimiento legal de los Estados Unidos<\/h1>\n<p>Usted declara y garantiza que (i) no se encuentra en un pa\u00eds sujeto al embargo del gobierno de los Estados Unidos, o que ha sido designado por el gobierno de los Estados Unidos como un pa\u00eds de &#8220;apoyo al terrorismo&#8221;, y (ii) no est\u00e1 incluido en cualquier lista del gobierno de los Estados Unidos de partes prohibidas o restringidas.<\/p>\n<h1>Divisibilidad y renuncia<\/h1>\n<h2>Divisibilidad<\/h2>\n<p>Si alguna disposici\u00f3n de estos T\u00e9rminos se considera inaplicable o inv\u00e1lida, dicha disposici\u00f3n se cambiar\u00e1 e interpretar\u00e1 para lograr los objetivos de dicha disposici\u00f3n en la mayor medida posible seg\u00fan la ley aplicable y las disposiciones restantes continuar\u00e1n en pleno vigor y efecto.<\/p>\n<h2>Exenci\u00f3n<\/h2>\n<p>Salvo lo dispuesto en el presente, la falta de ejercicio de un derecho o de exigir el cumplimiento de una obligaci\u00f3n en virtud de estos T\u00e9rminos no afectar\u00e1 la capacidad de una parte para ejercer dicho derecho o exigir dicho cumplimiento en cualquier momento posterior ni la renuncia a un incumplimiento constituir\u00e1 una renuncia a cualquier incumplimiento posterior.<\/p>\n<h1>Traducci\u00f3n Interpretaci\u00f3n<\/h1>\n<p>Estos T\u00e9rminos y condiciones pueden haber sido traducidos si los hemos puesto a su disposici\u00f3n en nuestro Servicio.\u00a0Usted acepta que el texto original en ingl\u00e9s prevalecer\u00e1 en caso de disputa.<\/p>\n<h1>Cambios a estos T\u00e9rminos y Condiciones<\/h1>\n<p>Nos reservamos el derecho, a Nuestro exclusivo criterio, de modificar o reemplazar estos T\u00e9rminos en cualquier momento.\u00a0Si una revisi\u00f3n es importante, haremos todos los esfuerzos razonables para proporcionar un aviso de al menos 30 d\u00edas antes de que entren en vigencia los nuevos t\u00e9rminos.\u00a0Lo que constituye un cambio material se determinar\u00e1 a Nuestro exclusivo criterio.<\/p>\n<p>Al continuar accediendo o utilizando Nuestro Servicio despu\u00e9s de que esas revisiones entren en vigencia, Usted acepta estar sujeto a los t\u00e9rminos revisados.\u00a0Si no est\u00e1 de acuerdo con los nuevos t\u00e9rminos, en su totalidad o en parte, deje de usar el sitio web y el Servicio.<\/p>\n<h1>Cont\u00e1ctenos<\/h1>\n<p>Si tiene alguna pregunta sobre estos T\u00e9rminos y Condiciones, puede contactarnos:<\/p>\n<ul>\n<li>Por correo electr\u00f3nico:\u00a0redes.mma.aldia@gmail.com<\/li>\n<li>Al visitar esta p\u00e1gina en nuestro sitio web:\u00a0<a href=\"https:\/\/instagram.com\/mma.aldia?igshid=YmMyMTA2M2Y\" target=\"_blank\" rel=\"external nofollow noopener\">https:\/\/instagram.com\/mma.aldia?igshid=YmMyMTA2M2Y<\/a><\/li>\n<\/ul>","protected":false},"excerpt":{"rendered":"<p>T\u00e9rminos y Condiciones Lea estos t\u00e9rminos y condiciones detenidamente antes de utilizar Nuestro Servicio. Interpretaci\u00f3n y Definiciones Interpretaci\u00f3n Las palabras cuya letra inicial est\u00e1 en may\u00fascula tienen significados definidos bajo las siguientes condiciones.\u00a0Las siguientes definiciones tendr\u00e1n el mismo significado independientemente de que aparezcan en singular o en plural. Definiciones A los efectos de estos T\u00e9rminos [&hellip;]<\/p>\n","protected":false},"author":1,"featured_media":0,"parent":0,"menu_order":0,"comment_status":"closed","ping_status":"closed","template":"","meta":{"footnotes":""},"class_list":["post-4644","page","type-page","status-publish","hentry"],"jetpack_sharing_enabled":true,"_links":{"self":[{"href":"https:\/\/www.mmaaldia.com\/es\/wp-json\/wp\/v2\/pages\/4644","targetHints":{"allow":["GET"]}}],"collection":[{"href":"https:\/\/www.mmaaldia.com\/es\/wp-json\/wp\/v2\/pages"}],"about":[{"href":"https:\/\/www.mmaaldia.com\/es\/wp-json\/wp\/v2\/types\/page"}],"author":[{"embeddable":true,"href":"https:\/\/www.mmaaldia.com\/es\/wp-json\/wp\/v2\/users\/1"}],"replies":[{"embeddable":true,"href":"https:\/\/www.mmaaldia.com\/es\/wp-json\/wp\/v2\/comments?post=4644"}],"version-history":[{"count":0,"href":"https:\/\/www.mmaaldia.com\/es\/wp-json\/wp\/v2\/pages\/4644\/revisions"}],"wp:attachment":[{"href":"https:\/\/www.mmaaldia.com\/es\/wp-json\/wp\/v2\/media?parent=4644"}],"curies":[{"name":"wp","href":"https:\/\/api.w.org\/{rel}","templated":true}]}}