{"id":4635,"date":"2023-02-15T23:10:39","date_gmt":"2023-02-15T23:10:39","guid":{"rendered":"https:\/\/www.mmaaldia.com\/?page_id=4635"},"modified":"2024-08-08T10:59:29","modified_gmt":"2024-08-08T15:59:29","slug":"quienes-somos","status":"publish","type":"page","link":"https:\/\/www.mmaaldia.com\/es\/quienes-somos\/","title":{"rendered":"Qui\u00e9nes Somos"},"content":{"rendered":"<p><a href=\"http:\/\/www.mmaaldia.com\/es\/\"><strong>MMA al D\u00eda<\/strong><\/a> es el medio digital en espa\u00f1ol n\u00famero uno sobre artes marciales mixtas, boxeo y deportes de contacto.<\/p>\n\n\n\n<p>El portal es operado por Julio Fernando Navas, quien, entre 2018 y 2023, se desempe\u00f1\u00f3 como escritor, y luego editor, en MMA.UNO.<\/p>\n\n\n\n<p>MMA al D\u00eda es el \u00fanico medio en espa\u00f1ol dedicado a la cobertura continua e ininterrumpida de MMA, difundiendo noticias sobre las promociones m\u00e1s grandes del planeta como <strong>UFC<\/strong>, <strong>PFL<\/strong>, <strong>Bellator<\/strong>, <strong>ONE Championship<\/strong>, <strong>Invicta FC<\/strong>, entre otras.<\/p>\n\n\n\n<p><strong>Nuestro compromiso con nuestros lectores radica en poner en pr\u00e1ctica un periodismo deportivo honesto, imparcial y apol\u00edtico desafiliado de cualquier clase de agenda.<\/strong><\/p>\n\n\n\n<p>Pueden seguirnos en <strong><a href=\"https:\/\/x.com\/MMAalDia\">X<\/a><\/strong> y en <strong><a href=\"https:\/\/news.google.com\/publications\/CAAqBwgKMJK31gswqtLtAw?hl=en-US&amp;gl=US&amp;ceid=US:en\" target=\"_blank\" rel=\"noopener\">Google News<\/a><\/strong>. <\/p>\n\n\n<div class=\"wp-block-image\">\n<figure class=\"aligncenter size-full is-resized\"><img data-recalc-dims=\"1\" fetchpriority=\"high\" decoding=\"async\" width=\"512\" height=\"512\" src=\"https:\/\/i0.wp.com\/www.mmaaldia.com\/wp-content\/uploads\/2024\/07\/cropped-Logo-mma-nuevo-2.png?resize=512%2C512&#038;ssl=1\" alt=\"\" class=\"wp-image-33512\" style=\"width:166px;height:auto\" title=\"\" srcset=\"https:\/\/i0.wp.com\/www.mmaaldia.com\/wp-content\/uploads\/2024\/07\/cropped-Logo-mma-nuevo-2.png?w=512&amp;ssl=1 512w, https:\/\/i0.wp.com\/www.mmaaldia.com\/wp-content\/uploads\/2024\/07\/cropped-Logo-mma-nuevo-2.png?resize=300%2C300&amp;ssl=1 300w, https:\/\/i0.wp.com\/www.mmaaldia.com\/wp-content\/uploads\/2024\/07\/cropped-Logo-mma-nuevo-2.png?resize=150%2C150&amp;ssl=1 150w, https:\/\/i0.wp.com\/www.mmaaldia.com\/wp-content\/uploads\/2024\/07\/cropped-Logo-mma-nuevo-2.png?resize=12%2C12&amp;ssl=1 12w, https:\/\/i0.wp.com\/www.mmaaldia.com\/wp-content\/uploads\/2024\/07\/cropped-Logo-mma-nuevo-2.png?resize=270%2C270&amp;ssl=1 270w, https:\/\/i0.wp.com\/www.mmaaldia.com\/wp-content\/uploads\/2024\/07\/cropped-Logo-mma-nuevo-2.png?resize=192%2C192&amp;ssl=1 192w, https:\/\/i0.wp.com\/www.mmaaldia.com\/wp-content\/uploads\/2024\/07\/cropped-Logo-mma-nuevo-2.png?resize=180%2C180&amp;ssl=1 180w, https:\/\/i0.wp.com\/www.mmaaldia.com\/wp-content\/uploads\/2024\/07\/cropped-Logo-mma-nuevo-2.png?resize=32%2C32&amp;ssl=1 32w\" sizes=\"(max-width: 512px) 100vw, 512px\" \/><\/figure>\n<\/div>","protected":false},"excerpt":{"rendered":"<p>MMA al D\u00eda es el medio digital en espa\u00f1ol n\u00famero uno sobre artes marciales mixtas, boxeo y deportes de contacto. El portal es operado por Julio Fernando Navas, quien, entre 2018 y 2023, se desempe\u00f1\u00f3 como escritor, y luego editor, en MMA.UNO. MMA al D\u00eda es el \u00fanico medio en espa\u00f1ol dedicado a la cobertura [&hellip;]<\/p>\n","protected":false},"author":1,"featured_media":0,"parent":0,"menu_order":0,"comment_status":"closed","ping_status":"closed","template":"elementor_theme","meta":{"footnotes":""},"class_list":["post-4635","page","type-page","status-publish","hentry"],"jetpack_sharing_enabled":true,"_links":{"self":[{"href":"https:\/\/www.mmaaldia.com\/es\/wp-json\/wp\/v2\/pages\/4635","targetHints":{"allow":["GET"]}}],"collection":[{"href":"https:\/\/www.mmaaldia.com\/es\/wp-json\/wp\/v2\/pages"}],"about":[{"href":"https:\/\/www.mmaaldia.com\/es\/wp-json\/wp\/v2\/types\/page"}],"author":[{"embeddable":true,"href":"https:\/\/www.mmaaldia.com\/es\/wp-json\/wp\/v2\/users\/1"}],"replies":[{"embeddable":true,"href":"https:\/\/www.mmaaldia.com\/es\/wp-json\/wp\/v2\/comments?post=4635"}],"version-history":[{"count":0,"href":"https:\/\/www.mmaaldia.com\/es\/wp-json\/wp\/v2\/pages\/4635\/revisions"}],"wp:attachment":[{"href":"https:\/\/www.mmaaldia.com\/es\/wp-json\/wp\/v2\/media?parent=4635"}],"curies":[{"name":"wp","href":"https:\/\/api.w.org\/{rel}","templated":true}]}}