{"id":36131,"date":"2024-10-16T02:39:11","date_gmt":"2024-10-16T07:39:11","guid":{"rendered":"https:\/\/www.mmaaldia.com\/?page_id=36131"},"modified":"2024-10-16T02:39:15","modified_gmt":"2024-10-16T07:39:15","slug":"julieta-martinez-no-recibe-contrato-con-ufc","status":"publish","type":"page","link":"https:\/\/www.mmaaldia.com\/es\/julieta-martinez-no-recibe-contrato-con-ufc\/","title":{"rendered":"La argentina Julieta Mart\u00ednez no recibe contrato con UFC"},"content":{"rendered":"<p>Ganar por decisi\u00f3n dividida no siempre es suficiente en el <strong><em><a href=\"\/es\/tag\/dana-whites-contender-series\/\">Dana White&#8217;s Contender Series<\/a><\/em><\/strong>.<\/p>\n\n\n\n<p>La argentina <strong>Julieta Mart\u00ednez<\/strong> compiti\u00f3 en el \u00faltimo episodio de esta octava temporada del programa, pero fracas\u00f3 en recibir un contrato al ganarle por decisi\u00f3n dividida a la mexicana <strong>Leslie Hern\u00e1ndez<\/strong>.<\/p>\n\n\n\n<p>De los cinco atletas en competencia, Mart\u00ednez fue la \u00fanica en no recibir un propuesta de <strong><a href=\"\/es\/tag\/ufc\/\">UFC<\/a><\/strong>.<\/p>\n\n\n\n<figure class=\"wp-block-embed is-type-rich is-provider-twitter wp-block-embed-twitter\"><div class=\"wp-block-embed__wrapper\">\n<blockquote class=\"twitter-tweet\" data-width=\"550\" data-dnt=\"true\"><p lang=\"es\" dir=\"ltr\">El triunfo por decisi\u00f3n dividida es para Julieta Mart\u00ednez \ud83c\udde6\ud83c\uddf7\ud83d\udca5 <a href=\"https:\/\/twitter.com\/hashtag\/DWCS?src=hash&amp;ref_src=twsrc%5Etfw\" target=\"_blank\" rel=\"noopener\">#DWCS<\/a> <a href=\"https:\/\/t.co\/ai3ZHQYEkJ\">pic.twitter.com\/ai3ZHQYEkJ<\/a><\/p>&mdash; UFC Espa\u00f1ol (@UFCEspanol) <a href=\"https:\/\/twitter.com\/UFCEspanol\/status\/1846353353468506287?ref_src=twsrc%5Etfw\" target=\"_blank\" rel=\"noopener\">October 16, 2024<\/a><\/blockquote><script async src=\"https:\/\/platform.twitter.com\/widgets.js\" charset=\"utf-8\"><\/script>\n<\/div><\/figure>\n\n\n\n<p><strong>Ahora 8 &#8211; 0 como profesional, la capitalina cuenta con un \u00edndice de finalizaci\u00f3n de 86%<\/strong>.<\/p>\n\n\n\n<p>Pese a no haber concretado su llegada a UFC, Mart\u00ednez recibi\u00f3 palabras de aliento del mism\u00edsimo <strong><a href=\"\/es\/tag\/dana-white\/\">Dana White<\/a><\/strong>.<\/p>\n\n\n\n<figure class=\"wp-block-embed is-type-rich is-provider-twitter wp-block-embed-twitter\"><div class=\"wp-block-embed__wrapper\">\n<blockquote class=\"twitter-tweet\" data-width=\"550\" data-dnt=\"true\"><p lang=\"es\" dir=\"ltr\">&quot;Te queremos, nos encanta tu manera de pelear, trabaja  duro en el UFC Performance Institute M\u00e9xico porque pronto estar\u00e1s en UFC&quot;: Dana White a Julieta Mart\u00ednez \ud83c\udde6\ud83c\uddf7 <a href=\"https:\/\/twitter.com\/hashtag\/DWCS?src=hash&amp;ref_src=twsrc%5Etfw\" target=\"_blank\" rel=\"noopener\">#DWCS<\/a> <a href=\"https:\/\/t.co\/mmM2ylTVJh\">pic.twitter.com\/mmM2ylTVJh<\/a><\/p>&mdash; UFC Espa\u00f1ol (@UFCEspanol) <a href=\"https:\/\/twitter.com\/UFCEspanol\/status\/1846376176765325314?ref_src=twsrc%5Etfw\" target=\"_blank\" rel=\"noopener\">October 16, 2024<\/a><\/blockquote><script async src=\"https:\/\/platform.twitter.com\/widgets.js\" charset=\"utf-8\"><\/script>\n<\/div><\/figure>\n\n\n\n<p>De momento, la \u00fanica argentina bajo contrato con la promoci\u00f3n es <strong>Ail\u00edn P\u00e9rez<\/strong>, decimotercera en el ranking de Peso Gallo.<\/p>\n\n\n\n<p><br><a href=\"https:\/\/x.com\/MMAalDia\"><strong>\u00a1Recuerden seguir a MMA al D\u00eda en X!<\/strong><\/a><\/p>","protected":false},"excerpt":{"rendered":"<p>Ganar por decisi\u00f3n dividida no siempre es suficiente en el Dana White&#8217;s Contender Series. La argentina Julieta Mart\u00ednez compiti\u00f3 en el \u00faltimo episodio de esta octava temporada del programa, pero fracas\u00f3 en recibir un contrato al ganarle por decisi\u00f3n dividida a la mexicana Leslie Hern\u00e1ndez. De los cinco atletas en competencia, Mart\u00ednez fue la \u00fanica [&hellip;]<\/p>\n","protected":false},"author":10,"featured_media":36132,"parent":0,"menu_order":0,"comment_status":"closed","ping_status":"closed","template":"","meta":{"footnotes":""},"class_list":["post-36131","page","type-page","status-publish","has-post-thumbnail","hentry"],"jetpack_sharing_enabled":true,"_links":{"self":[{"href":"https:\/\/www.mmaaldia.com\/es\/wp-json\/wp\/v2\/pages\/36131","targetHints":{"allow":["GET"]}}],"collection":[{"href":"https:\/\/www.mmaaldia.com\/es\/wp-json\/wp\/v2\/pages"}],"about":[{"href":"https:\/\/www.mmaaldia.com\/es\/wp-json\/wp\/v2\/types\/page"}],"author":[{"embeddable":true,"href":"https:\/\/www.mmaaldia.com\/es\/wp-json\/wp\/v2\/users\/10"}],"replies":[{"embeddable":true,"href":"https:\/\/www.mmaaldia.com\/es\/wp-json\/wp\/v2\/comments?post=36131"}],"version-history":[{"count":0,"href":"https:\/\/www.mmaaldia.com\/es\/wp-json\/wp\/v2\/pages\/36131\/revisions"}],"wp:featuredmedia":[{"embeddable":true,"href":"https:\/\/www.mmaaldia.com\/es\/wp-json\/wp\/v2\/media\/36132"}],"wp:attachment":[{"href":"https:\/\/www.mmaaldia.com\/es\/wp-json\/wp\/v2\/media?parent=36131"}],"curies":[{"name":"wp","href":"https:\/\/api.w.org\/{rel}","templated":true}]}}